{"id":2161,"date":"2020-03-21T14:40:05","date_gmt":"2020-03-21T13:40:05","guid":{"rendered":"http:\/\/localhost:90\/?page_id=2161"},"modified":"2021-11-20T00:12:44","modified_gmt":"2021-11-19T23:12:44","slug":"o-nas","status":"publish","type":"page","link":"https:\/\/taskcontrol.cz\/en\/o-nas\/","title":{"rendered":"About us"},"content":{"rendered":"<p>[vc_row css=&#8221;.vc_custom_1589465541471{padding-top: 60px !important;padding-bottom: 60px !important;}&#8221;][vc_column width=&#8221;2\/3&#8243;]<h1>We are ORBIT<\/h1><h3>And we are used to providing ambitious technological solutions such as TaskControl<\/h3>[vc_column_text]Since 1990, we have securely and successfully been providing clients transformative IT projects involving\u00a0<strong>end point<\/strong>,\u00a0<strong>data center consolidation<\/strong>\u00a0and\u00a0<strong>cloud adoption<\/strong>. Our passion for finding solutions is contagious and we enjoy sharing the success of our clients.<\/p>\n<p>In 2019\u00a0<a href=\"https:\/\/www.orbit.cz\/en\/\">ORBIT<\/a>\u00a0became a member of the SUDOP Group and TaskControl was created. Are you interested in\u00a0<a href=\"https:\/\/taskcontrol.cz\/o-nas\/#pomahame\">why<\/a> or\u00a0<a href=\"https:\/\/taskcontrol.cz\/o-nas\/#pribeh\">how<\/a>?[\/vc_column_text][\/vc_column][vc_column width=&#8221;1\/3&#8243;][vc_single_image image=&#8221;2808&#8243; alignment=&#8221;center&#8221; onclick=&#8221;custom_link&#8221; link=&#8221;https:\/\/orbit.cz&#8221; el_id=&#8221;logoorbitonas&#8221;][\/vc_column][\/vc_row][vc_row king_class=&#8221;parallax_section2&#8243; bg_image=&#8221;2438&#8243;][vc_column][vc_row_inner][vc_column_inner el_class=&#8221;counters12&#8243; el_animate=&#8221;animated eff-fadeInUp&#8221; el_delay=&#8221;350&#8243;]\n\t\t<div class=\"king-elements one_fourth_less\">\n\t\t\t<div class=\"king-elements-inner\">\n        \t<h1 class=\"counter\">30<\/h1>\n<h5 class=\"light\">Let na trhu<\/h5> \n\t\t\t<\/div>\n        <\/div>\n\n\t\n\t\t<div class=\"king-elements one_fourth_less\">\n\t\t\t<div class=\"king-elements-inner\">\n        \t<h1 class=\"counter\">150<\/h1>\n<h5 class=\"light\">mil. K\u010d ro\u010dn\u00ed obrat<\/h5> \n\t\t\t<\/div>\n        <\/div>\n\n\t\n\t\t<div class=\"king-elements one_fourth_less\">\n\t\t\t<div class=\"king-elements-inner\">\n        \t<h1 class=\"counter\">40<\/h1>\n<h5 class=\"light\">Lid\u00ed na palub\u011b<\/h5> \n\t\t\t<\/div>\n        <\/div>\n\n\t\n\t\t<div class=\"king-elements one_fourth_less last\">\n\t\t\t<div class=\"king-elements-inner\">\n        \t<h1 class=\"counter\">9<\/h1>\n<h5 class=\"light\">Kl\u00ed\u010dov\u00fdch partnerstv\u00ed<\/h5> \n\t\t\t<\/div>\n        <\/div>\n\n\t[\/vc_column_inner][\/vc_row_inner][\/vc_column][\/vc_row][vc_row css=&#8221;.vc_custom_1589550078797{padding-top: 60px !important;padding-bottom: 60px !important;}&#8221; king_id=&#8221;pomahame&#8221;][vc_column]<h2>WE HELP COMPANIES MANAGE COMPLEX PROCESSES<\/h2><h3>That\u2019s why it\u2019s no longer enough to plan processes well.<br>\nThe IT department needs to manage them automatically.\n\n<\/h3>[vc_column_text]We have seen this in over 160 transformation projects. Each required the coordination of dozens of people, involved hundreds of tasks and was time consuming and difficult to continuously optimize. Just like the complicated processes in your company.<\/p>\n<p><strong>That\u00b4s why we developed TaskControl. It was missing here.<\/strong>[\/vc_column_text][\/vc_column][\/vc_row][vc_row css=&#8221;.vc_custom_1589548752705{padding-bottom: 60px !important;}&#8221;][vc_column width=&#8221;1\/4&#8243;][vc_single_image image=&#8221;2517&#8243; img_size=&#8221;200&#215;100&#8243; onclick=&#8221;custom_link&#8221; img_link_target=&#8221;_blank&#8221; link=&#8221;https:\/\/taskcontrol.cz\/#reference&#8221;][\/vc_column][vc_column width=&#8221;3\/4&#8243;][vc_column_text]<\/p>\n<p style=\"text-align: center;\"><em>\u201cThe need to update our crisis plans led to a pleasant surprise. In cooperation with ORBIT we created an application where you plan and above all manage every test and any project change, no matter how demanding.\u201d<\/em><br \/>\n<em>David Boklohani\u010d, Head of IT infrastructure, Raiffeisenbank<br \/>\n<\/em><\/p>\n<p style=\"text-align: center;\"><a href=\"https:\/\/taskcontrol.cz\/en\/#reference\">\u00a0More references<\/a><\/p>\n<p>[\/vc_column_text][\/vc_column][\/vc_row][vc_row king_bg_repeat=&#8221;no-repeat&#8221; css=&#8221;.vc_custom_1589547118046{padding-top: 60px !important;padding-bottom: 60px !important;}&#8221; king_class=&#8221;feature_section401&#8243; king_id=&#8221;samosetoneudela&#8221;][vc_column]<h3>It won\u00b4t happen by itself... or will it? <\/h3>[vc_column_text]Company processes are becoming increasingly complicated and it is not humanly possible to coordinate them effectively. Companies that are able to automate the delegation of tasks when managing groups and individuals will have an advantage.<\/p>\n<p><strong>That is why we developed TaskControl. So you can manage the coordination of related activities:<\/strong>[\/vc_column_text][\/vc_column][\/vc_row][vc_row king_class=&#8221;host_plans_sty3&#8243;][vc_column el_animate=&#8221;animated eff-fadeInLeft&#8221; width=&#8221;1\/3&#8243; el_class=&#8221;one_third&#8221; el_delay=&#8221;200&#8243;]\n\t\t<div class=\"king-elements \">\n\t\t\t<div class=\"king-elements-inner\">\n        \t<img  src=\"https:\/\/taskcontrol.cz\/wp-content\/uploads\/2020\/04\/propojeni-kroku.png\" class=\"element-icon \" alt=\"\"\/><h2 class=\"caps\"><strong>Smoothly<\/strong><\/h2>\t\t\t<\/div>\n        <\/div>\n\n\t[\/vc_column][vc_column el_animate=&#8221;animated eff-fadeIn&#8221; width=&#8221;1\/3&#8243; el_class=&#8221;one_third&#8221; el_delay=&#8221;400&#8243;]\n\t\t<div class=\"king-elements \">\n\t\t\t<div class=\"king-elements-inner\">\n        \t<img  src=\"https:\/\/taskcontrol.cz\/wp-content\/uploads\/2020\/04\/setri-cas.png\" class=\"element-icon \" alt=\"\"\/><h2 class=\"caps\"><strong>Calmly<\/strong><\/h2>\t\t\t<\/div>\n        <\/div>\n\n\t[\/vc_column][vc_column el_animate=&#8221;animated eff-fadeInRight&#8221; width=&#8221;1\/3&#8243; el_class=&#8221;one_third last&#8221; el_delay=&#8221;200&#8243;]\n\t\t<div class=\"king-elements \">\n\t\t\t<div class=\"king-elements-inner\">\n        \t<img  src=\"https:\/\/taskcontrol.cz\/wp-content\/uploads\/2020\/04\/start-projektu.png\" class=\"element-icon \" alt=\"\"\/><h2 class=\"caps\"><strong>Rapidly<\/strong><\/h2>\t\t\t<\/div>\n        <\/div>\n\n\t[\/vc_column][\/vc_row][vc_row bg_color=&#8221;#f3f3f3&#8243; css=&#8221;.vc_custom_1589548604055{padding-bottom: 60px !important;background-color: #f3f3f3 !important;}&#8221;][vc_column][vc_column_text]Today, TaskControl is helping at <a href=\"https:\/\/www.orbit.cz\/reference\/raiffeisenbank-disaster-recovery-manager\/\">Raiffeisenbank<\/a> and <a href=\"https:\/\/www.orbit.cz\/reference\/tatrabanka-virtualizace-koncoveho-bodu\/\">Tatra bank<\/a>, where it manages, for example, disaster recovery tests. At Volkswagen it has helped smoothly relocate the data center. And it can certainly save you a lot of process management worries.<\/p>\n<p><strong>That is why we developed TaskControl. To help.<\/strong><\/p>\n<h3><strong>Keep up with all the latest in TaskControl development<\/strong><\/h3>\n<p>Sign up to receive our newsletter at the <a href=\"#king_email\">bottom of the page<\/a>.[\/vc_column_text][\/vc_column][\/vc_row][vc_row css=&#8221;.vc_custom_1589550094588{padding-top: 60px !important;padding-bottom: 60px !important;}&#8221; king_id=&#8221;pribeh&#8221;][vc_column][vc_row_inner][vc_column_inner width=&#8221;2\/3&#8243;]<h2>THE STORY OF TASKCONTROL<\/h2>[vc_column_text]<strong>I\u2019ll never forget it. In 2016 my colleagues and I were managing several Moneta teams that had broken away from the GE Money Bank IT systems. During four weekend migration waves we sat for hours on end in front of a single Excel spreadsheet. It was endless. Just like every one of those \u201cmigration\u201d weekends.<\/strong>[\/vc_column_text][\/vc_column_inner][vc_column_inner width=&#8221;1\/3&#8243;][vc_single_image image=&#8221;2799&#8243; img_size=&#8221;128&#215;128&#8243; alignment=&#8221;center&#8221; onclick=&#8221;custom_link&#8221; img_link_target=&#8221;_blank&#8221; link=&#8221;https:\/\/taskcontrol.cz\/kontakt\/&#8221;]\n\t\t<div class=\"king-elements center\">\n\t\t\t<div class=\"king-elements-inner\">\n        \t<strong><a href=\"https:\/\/taskcontrol.cz\/kontakt\/\">Kamil Kov\u00e1\u0159<\/strong><br>\n<span>Business Consultant<\/span><br>\n<span>ORBIT s.r.o.<\/span>\t\t\t<\/div>\n        <\/div>\n\n\t[\/vc_column_inner][\/vc_row_inner][vc_column_text]<strong>It was a nightmare.<\/strong><\/p>\n<p>Server after server needed a new IP address, application configurations, all system authentications and names, and finally, comprehensive testing. And there were\u00a0nearly a thousand servers. And each of them had its own application administrator, OS administrator, network administrator and sometimes even a security system administrator that had to be involved.<\/p>\n<p style=\"line-height: 17.25pt; vertical-align: baseline; margin: 0cm 0cm 11.25pt 0cm;\">And we just called, wrote, called and wrote\u2026 Endlessly, staring at that spreadsheet.<\/p>\n<p><strong>How to take care of it all? <\/strong><\/p>\n<p>How can you make sure that everybody knows what they need to do at a given time? How can you make sure nobody is waiting needlessly? How can you keep tabs on what is finished, what is behind, and most importantly, not forget anything?<\/p>\n<p>Today all you need is for one person to check the TaskControl display to get a\u00a0 <a href=\"https:\/\/taskcontrol.cz\/jak-to-funguje\/\" target=\"_blank\" rel=\"noopener noreferrer\">perfect overview<\/a>\u00a0of whether everything is going according to plan. Back then, however, we needed an immense dose of patience, diligence and lots of hope that dozens of people would cooperate perfectly.<\/p>\n<p><strong>This experience motivated us.<\/strong><\/p>\n<p>We threw ourselves into designing a tool that would help us the next time we had a similar project requiring the coordination of many people and tasks. In our case, the proverbial \u201cdriving force of progress\u201d was not laziness, but rather the humble conviction that spending all that time on the phone filling out a spreadsheet is a waste of time.<\/p>\n<p>Our solution debuted successfully during a similar project at Raiffeisenbank. And at Tatra bank and Volkswagen we already knew we were headed in the right direction.<\/p>\n<p>We realized that there was no software on the market to facilitate the real-time coordination of workers. And that our yet unnamed tool had much broader application for many future grateful users who needed to keep the delegation of TASKS under CONTROL<\/p>\n<p><strong>Thus, ORBIT TaskControl was born.<\/strong>[\/vc_column_text][\/vc_column][\/vc_row]<\/p>\n","protected":false},"excerpt":{"rendered":"<p>Jsme ORBIT. Prov\u00e1d\u00edme klienty zm\u011bnov\u00fdmi IT projekty a p\u0159in\u00e1\u0161\u00edme ambici\u00f3zn\u00ed technologick\u00e1 \u0159e\u0161en\u00ed. Pro\u010d a jak jsme pro firmy vyvinuli n\u00e1stroj TaskControl?<\/p>\n","protected":false},"author":1,"featured_media":2899,"parent":0,"menu_order":0,"comment_status":"closed","ping_status":"closed","template":"templates\/page-full.php","meta":{"inline_featured_image":false},"yoast_head":"<!-- This site is optimized with the Yoast SEO plugin v19.12 - https:\/\/yoast.com\/wordpress\/plugins\/seo\/ -->\r\n<title>O n\u00e1s: Pro\u010d a jak vznikl n\u00e1stroj ke koordinaci aktivit | TaskControl<\/title>\r\n<meta name=\"description\" content=\"Jsme ORBIT. Prov\u00e1d\u00edme klienty zm\u011bnov\u00fdmi IT projekty a p\u0159in\u00e1\u0161\u00edme ambici\u00f3zn\u00ed technologick\u00e1 \u0159e\u0161en\u00ed. Pro\u010d a jak jsme pro firmy vyvinuli n\u00e1stroj TaskControl?\" \/>\r\n<meta name=\"robots\" content=\"index, follow, max-snippet:-1, max-image-preview:large, max-video-preview:-1\" \/>\r\n<link rel=\"canonical\" href=\"https:\/\/taskcontrol.cz\/en\/o-nas\/\" \/>\r\n<meta property=\"og:locale\" content=\"en_US\" \/>\r\n<meta property=\"og:locale:alternate\" content=\"cs_CZ\" \/>\r\n<meta property=\"og:type\" content=\"article\" \/>\r\n<meta property=\"og:title\" content=\"O n\u00e1s: Pro\u010d a jak vznikl n\u00e1stroj ke koordinaci aktivit | TaskControl\" \/>\r\n<meta property=\"og:description\" content=\"Jsme ORBIT. Prov\u00e1d\u00edme klienty zm\u011bnov\u00fdmi IT projekty a p\u0159in\u00e1\u0161\u00edme ambici\u00f3zn\u00ed technologick\u00e1 \u0159e\u0161en\u00ed. Pro\u010d a jak jsme pro firmy vyvinuli n\u00e1stroj TaskControl?\" \/>\r\n<meta property=\"og:url\" content=\"https:\/\/taskcontrol.cz\/en\/o-nas\/\" \/>\r\n<meta property=\"og:site_name\" content=\"TaskControl\" \/>\r\n<meta property=\"article:modified_time\" content=\"2021-11-19T23:12:44+00:00\" \/>\r\n<meta property=\"og:image\" content=\"https:\/\/taskcontrol.cz\/wp-content\/uploads\/2020\/05\/logo_blur-3.png\" \/>\r\n\t<meta property=\"og:image:width\" content=\"561\" \/>\r\n\t<meta property=\"og:image:height\" content=\"315\" \/>\r\n\t<meta property=\"og:image:type\" content=\"image\/png\" \/>\r\n<meta name=\"twitter:card\" content=\"summary_large_image\" \/>\r\n<meta name=\"twitter:label1\" content=\"Est. reading time\" \/>\n\t<meta name=\"twitter:data1\" content=\"4 minutes\" \/>\r\n<script type=\"application\/ld+json\" class=\"yoast-schema-graph\">{\"@context\":\"https:\/\/schema.org\",\"@graph\":[{\"@type\":\"WebPage\",\"@id\":\"https:\/\/taskcontrol.cz\/o-nas\/\",\"url\":\"https:\/\/taskcontrol.cz\/o-nas\/\",\"name\":\"O n\u00e1s: Pro\u010d a jak vznikl n\u00e1stroj ke koordinaci aktivit | TaskControl\",\"isPartOf\":{\"@id\":\"https:\/\/taskcontrol.cz\/#website\"},\"datePublished\":\"2020-03-21T13:40:05+00:00\",\"dateModified\":\"2021-11-19T23:12:44+00:00\",\"description\":\"Jsme ORBIT. Prov\u00e1d\u00edme klienty zm\u011bnov\u00fdmi IT projekty a p\u0159in\u00e1\u0161\u00edme ambici\u00f3zn\u00ed technologick\u00e1 \u0159e\u0161en\u00ed. Pro\u010d a jak jsme pro firmy vyvinuli n\u00e1stroj TaskControl?\",\"breadcrumb\":{\"@id\":\"https:\/\/taskcontrol.cz\/o-nas\/#breadcrumb\"},\"inLanguage\":\"en-US\",\"potentialAction\":[{\"@type\":\"ReadAction\",\"target\":[\"https:\/\/taskcontrol.cz\/o-nas\/\"]}]},{\"@type\":\"BreadcrumbList\",\"@id\":\"https:\/\/taskcontrol.cz\/o-nas\/#breadcrumb\",\"itemListElement\":[{\"@type\":\"ListItem\",\"position\":1,\"name\":\"Dom\u016f\",\"item\":\"https:\/\/taskcontrol.cz\/\"},{\"@type\":\"ListItem\",\"position\":2,\"name\":\"O n\u00e1s\"}]},{\"@type\":\"WebSite\",\"@id\":\"https:\/\/taskcontrol.cz\/#website\",\"url\":\"https:\/\/taskcontrol.cz\/\",\"name\":\"TaskControl\",\"description\":\"Automatizujte koordinaci aktivit\",\"publisher\":{\"@id\":\"https:\/\/taskcontrol.cz\/#organization\"},\"potentialAction\":[{\"@type\":\"SearchAction\",\"target\":{\"@type\":\"EntryPoint\",\"urlTemplate\":\"https:\/\/taskcontrol.cz\/?s={search_term_string}\"},\"query-input\":\"required name=search_term_string\"}],\"inLanguage\":\"en-US\"},{\"@type\":\"Organization\",\"@id\":\"https:\/\/taskcontrol.cz\/#organization\",\"name\":\"ORBIT s.r.o.\",\"url\":\"https:\/\/taskcontrol.cz\/\",\"logo\":{\"@type\":\"ImageObject\",\"inLanguage\":\"en-US\",\"@id\":\"https:\/\/taskcontrol.cz\/#\/schema\/logo\/image\/\",\"url\":\"https:\/\/taskcontrol.cz\/wp-content\/uploads\/2020\/05\/ORBITlogo.png\",\"contentUrl\":\"https:\/\/taskcontrol.cz\/wp-content\/uploads\/2020\/05\/ORBITlogo.png\",\"width\":200,\"height\":200,\"caption\":\"ORBIT s.r.o.\"},\"image\":{\"@id\":\"https:\/\/taskcontrol.cz\/#\/schema\/logo\/image\/\"},\"sameAs\":[\"https:\/\/www.linkedin.com\/company\/orbit\"]}]}<\/script>\r\n<!-- \/ Yoast SEO plugin. -->","yoast_head_json":{"title":"O n\u00e1s: Pro\u010d a jak vznikl n\u00e1stroj ke koordinaci aktivit | TaskControl","description":"Jsme ORBIT. Prov\u00e1d\u00edme klienty zm\u011bnov\u00fdmi IT projekty a p\u0159in\u00e1\u0161\u00edme ambici\u00f3zn\u00ed technologick\u00e1 \u0159e\u0161en\u00ed. Pro\u010d a jak jsme pro firmy vyvinuli n\u00e1stroj TaskControl?","robots":{"index":"index","follow":"follow","max-snippet":"max-snippet:-1","max-image-preview":"max-image-preview:large","max-video-preview":"max-video-preview:-1"},"canonical":"https:\/\/taskcontrol.cz\/en\/o-nas\/","og_locale":"en_US","og_type":"article","og_title":"O n\u00e1s: Pro\u010d a jak vznikl n\u00e1stroj ke koordinaci aktivit | TaskControl","og_description":"Jsme ORBIT. Prov\u00e1d\u00edme klienty zm\u011bnov\u00fdmi IT projekty a p\u0159in\u00e1\u0161\u00edme ambici\u00f3zn\u00ed technologick\u00e1 \u0159e\u0161en\u00ed. Pro\u010d a jak jsme pro firmy vyvinuli n\u00e1stroj TaskControl?","og_url":"https:\/\/taskcontrol.cz\/en\/o-nas\/","og_site_name":"TaskControl","article_modified_time":"2021-11-19T23:12:44+00:00","og_image":[{"width":561,"height":315,"url":"https:\/\/taskcontrol.cz\/wp-content\/uploads\/2020\/05\/logo_blur-3.png","type":"image\/png"}],"twitter_card":"summary_large_image","twitter_misc":{"Est. reading time":"4 minutes"},"schema":{"@context":"https:\/\/schema.org","@graph":[{"@type":"WebPage","@id":"https:\/\/taskcontrol.cz\/o-nas\/","url":"https:\/\/taskcontrol.cz\/o-nas\/","name":"O n\u00e1s: Pro\u010d a jak vznikl n\u00e1stroj ke koordinaci aktivit | TaskControl","isPartOf":{"@id":"https:\/\/taskcontrol.cz\/#website"},"datePublished":"2020-03-21T13:40:05+00:00","dateModified":"2021-11-19T23:12:44+00:00","description":"Jsme ORBIT. Prov\u00e1d\u00edme klienty zm\u011bnov\u00fdmi IT projekty a p\u0159in\u00e1\u0161\u00edme ambici\u00f3zn\u00ed technologick\u00e1 \u0159e\u0161en\u00ed. Pro\u010d a jak jsme pro firmy vyvinuli n\u00e1stroj TaskControl?","breadcrumb":{"@id":"https:\/\/taskcontrol.cz\/o-nas\/#breadcrumb"},"inLanguage":"en-US","potentialAction":[{"@type":"ReadAction","target":["https:\/\/taskcontrol.cz\/o-nas\/"]}]},{"@type":"BreadcrumbList","@id":"https:\/\/taskcontrol.cz\/o-nas\/#breadcrumb","itemListElement":[{"@type":"ListItem","position":1,"name":"Dom\u016f","item":"https:\/\/taskcontrol.cz\/"},{"@type":"ListItem","position":2,"name":"O n\u00e1s"}]},{"@type":"WebSite","@id":"https:\/\/taskcontrol.cz\/#website","url":"https:\/\/taskcontrol.cz\/","name":"TaskControl","description":"Automatizujte koordinaci aktivit","publisher":{"@id":"https:\/\/taskcontrol.cz\/#organization"},"potentialAction":[{"@type":"SearchAction","target":{"@type":"EntryPoint","urlTemplate":"https:\/\/taskcontrol.cz\/?s={search_term_string}"},"query-input":"required name=search_term_string"}],"inLanguage":"en-US"},{"@type":"Organization","@id":"https:\/\/taskcontrol.cz\/#organization","name":"ORBIT s.r.o.","url":"https:\/\/taskcontrol.cz\/","logo":{"@type":"ImageObject","inLanguage":"en-US","@id":"https:\/\/taskcontrol.cz\/#\/schema\/logo\/image\/","url":"https:\/\/taskcontrol.cz\/wp-content\/uploads\/2020\/05\/ORBITlogo.png","contentUrl":"https:\/\/taskcontrol.cz\/wp-content\/uploads\/2020\/05\/ORBITlogo.png","width":200,"height":200,"caption":"ORBIT s.r.o."},"image":{"@id":"https:\/\/taskcontrol.cz\/#\/schema\/logo\/image\/"},"sameAs":["https:\/\/www.linkedin.com\/company\/orbit"]}]}},"_links":{"self":[{"href":"https:\/\/taskcontrol.cz\/en\/wp-json\/wp\/v2\/pages\/2161"}],"collection":[{"href":"https:\/\/taskcontrol.cz\/en\/wp-json\/wp\/v2\/pages"}],"about":[{"href":"https:\/\/taskcontrol.cz\/en\/wp-json\/wp\/v2\/types\/page"}],"author":[{"embeddable":true,"href":"https:\/\/taskcontrol.cz\/en\/wp-json\/wp\/v2\/users\/1"}],"replies":[{"embeddable":true,"href":"https:\/\/taskcontrol.cz\/en\/wp-json\/wp\/v2\/comments?post=2161"}],"version-history":[{"count":0,"href":"https:\/\/taskcontrol.cz\/en\/wp-json\/wp\/v2\/pages\/2161\/revisions"}],"wp:featuredmedia":[{"embeddable":true,"href":"https:\/\/taskcontrol.cz\/en\/wp-json\/wp\/v2\/media\/2899"}],"wp:attachment":[{"href":"https:\/\/taskcontrol.cz\/en\/wp-json\/wp\/v2\/media?parent=2161"}],"curies":[{"name":"wp","href":"https:\/\/api.w.org\/{rel}","templated":true}]}}