{"id":2157,"date":"2020-03-21T14:39:23","date_gmt":"2020-03-21T13:39:23","guid":{"rendered":"http:\/\/localhost:90\/?page_id=2157"},"modified":"2021-11-22T14:36:22","modified_gmt":"2021-11-22T13:36:22","slug":"jak-to-funguje","status":"publish","type":"page","link":"https:\/\/taskcontrol.cz\/en\/jak-to-funguje\/","title":{"rendered":"How it works"},"content":{"rendered":"<p>[vc_row king_bg_repeat=&#8221;cover&#8221; king_class=&#8221;feature_section102&#8243; css=&#8221;.vc_custom_1587655140302{padding-bottom: 0px !important;}&#8221; bg_image=&#8221;2465&#8243; bg_color=&#8221;#ffffff&#8221;][vc_column][vc_row_inner king_class=&#8221;plan&#8221; king_class_container=&#8221;container&#8221;][vc_column_inner el_class=&#8221;onecol_sixty&#8221; el_animate=&#8221;animated eff-fadeInLeft&#8221; width=&#8221;1\/2&#8243; el_delay=&#8221;200&#8243;]<h1 class=\"caps\">How <b>Task<\/b>Control works<\/h1><h2 class=\"light\">With the TaskControl application, you can easily plan and interactively manage even the most demanding set of activities<\/h2>[vc_column_text]TaskControl is <a href=\"https:\/\/taskcontrol.cz\/o-nas\/\" target=\"_blank\" rel=\"noopener noreferrer\">based on our experience<\/a> with the implementation of over 160 transformation projects. It meets the needs of coordinators and managers who were lacking a tool to automatically delegate tasks and manage staff, groups and suppliers.[\/vc_column_text][\/vc_column_inner][vc_column_inner el_class=&#8221;onecol_forty last&#8221; el_animate=&#8221;animated eff-fadeInUp&#8221; width=&#8221;1\/2&#8243; el_delay=&#8221;350&#8243;][\/vc_column_inner][\/vc_row_inner][\/vc_column][\/vc_row][vc_row css=&#8221;.vc_custom_1586909493473{background-color: #fbfbfb !important;}&#8221;][vc_column el_animate=&#8221;animated eff-fadeIn&#8221;]<div class=\"clearfix margin_top9\"><\/div><h2 class=\"caps\" style=\"text-align: center\"><strong>HOW CAN YOU EFFECTIVELY ORGANIZE TEAM MEMBERS, MONITOR ALL ACTIVITIES IN REAL TIME AND CONTINUALLY PERFECT YOUR PLAN?<\/strong><\/h2><div class=\"clearfix margin_top6\"><\/div>[vc_row_inner][vc_column_inner width=&#8221;1\/5&#8243;][vc_single_image image=&#8221;2541&#8243; alignment=&#8221;center&#8221;]<div class=\"clearfix margin_top2\"><\/div>[vc_column_text css=&#8221;.vc_custom_1592903289470{padding-top: 10px !important;padding-right: 10px !important;padding-bottom: 10px !important;padding-left: 10px !important;}&#8221;]<\/p>\n<h3 style=\"text-align: center;\"><strong>STEP 1<\/strong><\/h3>\n<p style=\"text-align: center;\"><strong>Create participant profiles.<\/strong> Create user accounts manually or by integrating your AD, it\u2019s up to you. Assign all users appropriate authorizations and place them in corresponding teams. The number of users doesn\u2019t matter.<\/p>\n<p>[\/vc_column_text][\/vc_column_inner][vc_column_inner width=&#8221;1\/5&#8243;][vc_single_image image=&#8221;2539&#8243; alignment=&#8221;center&#8221;]<div class=\"clearfix margin_top2\"><\/div>[vc_column_text css=&#8221;.vc_custom_1592903432749{padding-top: 10px !important;padding-right: 10px !important;padding-bottom: 10px !important;padding-left: 10px !important;}&#8221;]<\/p>\n<h3 style=\"text-align: center;\"><strong>STEP 2<\/strong><\/h3>\n<p style=\"text-align: center;\"><strong>Create a task template.<\/strong> Do you already have a similar list of activities needed to carry out a plan compiled in Excel? You can import it with a click. Do you use a tool for project management? Easily integrate it through API.<\/p>\n<p>[\/vc_column_text][\/vc_column_inner][vc_column_inner width=&#8221;1\/5&#8243;][vc_single_image image=&#8221;2540&#8243; alignment=&#8221;center&#8221;]<div class=\"clearfix margin_top2\"><\/div>[vc_column_text css=&#8221;.vc_custom_1593074277342{padding-top: 10px !important;padding-right: 10px !important;padding-bottom: 10px !important;padding-left: 10px !important;}&#8221;]<\/p>\n<h3 style=\"text-align: center;\"><span style=\"font-weight: 400;\"><strong>STEP 3<\/strong><\/span><\/h3>\n<p style=\"text-align: center;\"><strong>Adjust the schedule.<\/strong> Before launching your plan you can easily edit templates with colleagues. Moreover, you can flexibly adjust it even after implementation. This way, you will gradually perfect your routine plan.<\/p>\n<p>[\/vc_column_text][\/vc_column_inner][vc_column_inner width=&#8221;1\/5&#8243;][vc_single_image image=&#8221;2542&#8243; alignment=&#8221;center&#8221;]<div class=\"clearfix margin_top2\"><\/div>[vc_column_text css=&#8221;.vc_custom_1593074290522{padding-top: 10px !important;padding-right: 10px !important;padding-bottom: 10px !important;padding-left: 10px !important;}&#8221;]<\/p>\n<h3 style=\"text-align: center;\"><span style=\"font-weight: 400;\"><strong>STEP 4<\/strong><\/span><\/h3>\n<p style=\"text-align: center;\"><span style=\"font-weight: 400;\"><strong>Set a D day and launch your plan.<\/strong> From this day forward organization and monitoring will take place automatically. Thanks to notifications, everyone will know exactly what they need to do and when and the entire team will know the ongoing status of activities.<\/span><\/p>\n<p>[\/vc_column_text][\/vc_column_inner][vc_column_inner width=&#8221;1\/5&#8243;][vc_single_image image=&#8221;2538&#8243; alignment=&#8221;center&#8221;]<div class=\"clearfix margin_top2\"><\/div>[vc_column_text css=&#8221;.vc_custom_1592903564717{padding-top: 10px !important;padding-right: 10px !important;padding-bottom: 10px !important;padding-left: 10px !important;}&#8221;]<\/p>\n<h3 style=\"text-align: center;\"><span style=\"font-weight: 400;\"><strong>STEP 5<\/strong><\/span><\/h3>\n<p style=\"text-align: center;\"><strong>Evaluate results.<\/strong> The green \u201ccomplete\u201d box finally lights up for every task. Have you discovered room for optimization throughout the entire process? Probably so. Can eliminating these problems <strong>save you time in the future? Absolutely.<\/strong><\/p>\n<p>[\/vc_column_text][\/vc_column_inner][\/vc_row_inner]<div class=\"clearfix margin_top10\"><\/div>[\/vc_column][\/vc_row][vc_row king_bg_repeat=&#8221;cover&#8221; css=&#8221;.vc_custom_1587480353016{background-position: 0 0 !important;background-repeat: no-repeat !important;}&#8221; bg_image=&#8221;2588&#8243;][vc_column]<div class=\"clearfix margin_top6\"><\/div>[vc_column_text css_animation=&#8221;fadeIn&#8221;]<\/p>\n<h2 class=\"caps\" style=\"text-align: center;\"><span style=\"color: #000000;\"><strong>ARE YOU INTERESTED IN TASKCONTROL?<\/strong><\/span><\/h2>\n<h4 style=\"text-align: center;\">Then try real-time process management without any obligation.<\/h4>\n<p>[\/vc_column_text]<div class=\"clearfix margin_top6\"><\/div>[vc_btn title=&#8221;Join Our DEMO&#8221; style=&#8221;classic&#8221; shape=&#8221;square&#8221; color=&#8221;warning&#8221; size=&#8221;lg&#8221; align=&#8221;center&#8221; i_align=&#8221;right&#8221; i_icon_fontawesome=&#8221;fas fa-chevron-right&#8221; css_animation=&#8221;fadeInUp&#8221; add_icon=&#8221;true&#8221; link=&#8221;url:%20https%3A%2F%2Fdemo.taskcontrol.cloud|title:Zjistit%20v%C3%ADce||&#8221; el_class=&#8221;caps&#8221;]<div class=\"clearfix margin_top6\"><\/div>[\/vc_column][\/vc_row]<\/p>\n","protected":false},"excerpt":{"rendered":"<p>Jak efektivn\u011b organizovat \u010dleny t\u00fdmu, v re\u00e1ln\u00e9m \u010dase monitorovat v\u0161echny \u010dinnosti a neust\u00e1le zdokonalovat sv\u016fj pl\u00e1n? S aplikac\u00ed TaskControl.<\/p>\n","protected":false},"author":1,"featured_media":0,"parent":0,"menu_order":0,"comment_status":"closed","ping_status":"closed","template":"templates\/page-full.php","meta":{"inline_featured_image":false},"yoast_head":"<!-- This site is optimized with the Yoast SEO plugin v19.12 - https:\/\/yoast.com\/wordpress\/plugins\/seo\/ -->\r\n<title>Jak to funguje | TaskControl<\/title>\r\n<meta name=\"description\" content=\"5 krok\u016f, se kter\u00fdmi snadno napl\u00e1nujete a v re\u00e1ln\u00e9m \u010dase od\u0159\u00edd\u00edte i ten nejn\u00e1ro\u010dn\u011bj\u0161\u00ed soubor aktivit. Jak n\u00e1stroj TaskControl automatizuje delegov\u00e1n\u00ed \u00fakol\u016f?\" \/>\r\n<meta name=\"robots\" content=\"index, follow, max-snippet:-1, max-image-preview:large, max-video-preview:-1\" \/>\r\n<link rel=\"canonical\" href=\"https:\/\/taskcontrol.cz\/en\/jak-to-funguje\/\" \/>\r\n<meta property=\"og:locale\" content=\"en_US\" \/>\r\n<meta property=\"og:locale:alternate\" content=\"cs_CZ\" \/>\r\n<meta property=\"og:type\" content=\"article\" \/>\r\n<meta property=\"og:title\" content=\"Jak to funguje | TaskControl\" \/>\r\n<meta property=\"og:description\" content=\"5 krok\u016f, se kter\u00fdmi snadno napl\u00e1nujete a v re\u00e1ln\u00e9m \u010dase od\u0159\u00edd\u00edte i ten nejn\u00e1ro\u010dn\u011bj\u0161\u00ed soubor aktivit. Jak n\u00e1stroj TaskControl automatizuje delegov\u00e1n\u00ed \u00fakol\u016f?\" \/>\r\n<meta property=\"og:url\" content=\"https:\/\/taskcontrol.cz\/en\/jak-to-funguje\/\" \/>\r\n<meta property=\"og:site_name\" content=\"TaskControl\" \/>\r\n<meta property=\"article:modified_time\" content=\"2021-11-22T13:36:22+00:00\" \/>\r\n<meta name=\"twitter:card\" content=\"summary_large_image\" \/>\r\n<meta name=\"twitter:label1\" content=\"Est. reading time\" \/>\n\t<meta name=\"twitter:data1\" content=\"2 minutes\" \/>\r\n<script type=\"application\/ld+json\" class=\"yoast-schema-graph\">{\"@context\":\"https:\/\/schema.org\",\"@graph\":[{\"@type\":\"WebPage\",\"@id\":\"https:\/\/taskcontrol.cz\/jak-to-funguje\/\",\"url\":\"https:\/\/taskcontrol.cz\/jak-to-funguje\/\",\"name\":\"Jak to funguje | TaskControl\",\"isPartOf\":{\"@id\":\"https:\/\/taskcontrol.cz\/#website\"},\"datePublished\":\"2020-03-21T13:39:23+00:00\",\"dateModified\":\"2021-11-22T13:36:22+00:00\",\"description\":\"5 krok\u016f, se kter\u00fdmi snadno napl\u00e1nujete a v re\u00e1ln\u00e9m \u010dase od\u0159\u00edd\u00edte i ten nejn\u00e1ro\u010dn\u011bj\u0161\u00ed soubor aktivit. Jak n\u00e1stroj TaskControl automatizuje delegov\u00e1n\u00ed \u00fakol\u016f?\",\"breadcrumb\":{\"@id\":\"https:\/\/taskcontrol.cz\/jak-to-funguje\/#breadcrumb\"},\"inLanguage\":\"en-US\",\"potentialAction\":[{\"@type\":\"ReadAction\",\"target\":[\"https:\/\/taskcontrol.cz\/jak-to-funguje\/\"]}]},{\"@type\":\"BreadcrumbList\",\"@id\":\"https:\/\/taskcontrol.cz\/jak-to-funguje\/#breadcrumb\",\"itemListElement\":[{\"@type\":\"ListItem\",\"position\":1,\"name\":\"Dom\u016f\",\"item\":\"https:\/\/taskcontrol.cz\/\"},{\"@type\":\"ListItem\",\"position\":2,\"name\":\"Jak to funguje\"}]},{\"@type\":\"WebSite\",\"@id\":\"https:\/\/taskcontrol.cz\/#website\",\"url\":\"https:\/\/taskcontrol.cz\/\",\"name\":\"TaskControl\",\"description\":\"Automatizujte koordinaci aktivit\",\"publisher\":{\"@id\":\"https:\/\/taskcontrol.cz\/#organization\"},\"potentialAction\":[{\"@type\":\"SearchAction\",\"target\":{\"@type\":\"EntryPoint\",\"urlTemplate\":\"https:\/\/taskcontrol.cz\/?s={search_term_string}\"},\"query-input\":\"required name=search_term_string\"}],\"inLanguage\":\"en-US\"},{\"@type\":\"Organization\",\"@id\":\"https:\/\/taskcontrol.cz\/#organization\",\"name\":\"ORBIT s.r.o.\",\"url\":\"https:\/\/taskcontrol.cz\/\",\"logo\":{\"@type\":\"ImageObject\",\"inLanguage\":\"en-US\",\"@id\":\"https:\/\/taskcontrol.cz\/#\/schema\/logo\/image\/\",\"url\":\"https:\/\/taskcontrol.cz\/wp-content\/uploads\/2020\/05\/ORBITlogo.png\",\"contentUrl\":\"https:\/\/taskcontrol.cz\/wp-content\/uploads\/2020\/05\/ORBITlogo.png\",\"width\":200,\"height\":200,\"caption\":\"ORBIT s.r.o.\"},\"image\":{\"@id\":\"https:\/\/taskcontrol.cz\/#\/schema\/logo\/image\/\"},\"sameAs\":[\"https:\/\/www.linkedin.com\/company\/orbit\"]}]}<\/script>\r\n<!-- \/ Yoast SEO plugin. -->","yoast_head_json":{"title":"Jak to funguje | TaskControl","description":"5 krok\u016f, se kter\u00fdmi snadno napl\u00e1nujete a v re\u00e1ln\u00e9m \u010dase od\u0159\u00edd\u00edte i ten nejn\u00e1ro\u010dn\u011bj\u0161\u00ed soubor aktivit. Jak n\u00e1stroj TaskControl automatizuje delegov\u00e1n\u00ed \u00fakol\u016f?","robots":{"index":"index","follow":"follow","max-snippet":"max-snippet:-1","max-image-preview":"max-image-preview:large","max-video-preview":"max-video-preview:-1"},"canonical":"https:\/\/taskcontrol.cz\/en\/jak-to-funguje\/","og_locale":"en_US","og_type":"article","og_title":"Jak to funguje | TaskControl","og_description":"5 krok\u016f, se kter\u00fdmi snadno napl\u00e1nujete a v re\u00e1ln\u00e9m \u010dase od\u0159\u00edd\u00edte i ten nejn\u00e1ro\u010dn\u011bj\u0161\u00ed soubor aktivit. Jak n\u00e1stroj TaskControl automatizuje delegov\u00e1n\u00ed \u00fakol\u016f?","og_url":"https:\/\/taskcontrol.cz\/en\/jak-to-funguje\/","og_site_name":"TaskControl","article_modified_time":"2021-11-22T13:36:22+00:00","twitter_card":"summary_large_image","twitter_misc":{"Est. reading time":"2 minutes"},"schema":{"@context":"https:\/\/schema.org","@graph":[{"@type":"WebPage","@id":"https:\/\/taskcontrol.cz\/jak-to-funguje\/","url":"https:\/\/taskcontrol.cz\/jak-to-funguje\/","name":"Jak to funguje | TaskControl","isPartOf":{"@id":"https:\/\/taskcontrol.cz\/#website"},"datePublished":"2020-03-21T13:39:23+00:00","dateModified":"2021-11-22T13:36:22+00:00","description":"5 krok\u016f, se kter\u00fdmi snadno napl\u00e1nujete a v re\u00e1ln\u00e9m \u010dase od\u0159\u00edd\u00edte i ten nejn\u00e1ro\u010dn\u011bj\u0161\u00ed soubor aktivit. Jak n\u00e1stroj TaskControl automatizuje delegov\u00e1n\u00ed \u00fakol\u016f?","breadcrumb":{"@id":"https:\/\/taskcontrol.cz\/jak-to-funguje\/#breadcrumb"},"inLanguage":"en-US","potentialAction":[{"@type":"ReadAction","target":["https:\/\/taskcontrol.cz\/jak-to-funguje\/"]}]},{"@type":"BreadcrumbList","@id":"https:\/\/taskcontrol.cz\/jak-to-funguje\/#breadcrumb","itemListElement":[{"@type":"ListItem","position":1,"name":"Dom\u016f","item":"https:\/\/taskcontrol.cz\/"},{"@type":"ListItem","position":2,"name":"Jak to funguje"}]},{"@type":"WebSite","@id":"https:\/\/taskcontrol.cz\/#website","url":"https:\/\/taskcontrol.cz\/","name":"TaskControl","description":"Automatizujte koordinaci aktivit","publisher":{"@id":"https:\/\/taskcontrol.cz\/#organization"},"potentialAction":[{"@type":"SearchAction","target":{"@type":"EntryPoint","urlTemplate":"https:\/\/taskcontrol.cz\/?s={search_term_string}"},"query-input":"required name=search_term_string"}],"inLanguage":"en-US"},{"@type":"Organization","@id":"https:\/\/taskcontrol.cz\/#organization","name":"ORBIT s.r.o.","url":"https:\/\/taskcontrol.cz\/","logo":{"@type":"ImageObject","inLanguage":"en-US","@id":"https:\/\/taskcontrol.cz\/#\/schema\/logo\/image\/","url":"https:\/\/taskcontrol.cz\/wp-content\/uploads\/2020\/05\/ORBITlogo.png","contentUrl":"https:\/\/taskcontrol.cz\/wp-content\/uploads\/2020\/05\/ORBITlogo.png","width":200,"height":200,"caption":"ORBIT s.r.o."},"image":{"@id":"https:\/\/taskcontrol.cz\/#\/schema\/logo\/image\/"},"sameAs":["https:\/\/www.linkedin.com\/company\/orbit"]}]}},"_links":{"self":[{"href":"https:\/\/taskcontrol.cz\/en\/wp-json\/wp\/v2\/pages\/2157"}],"collection":[{"href":"https:\/\/taskcontrol.cz\/en\/wp-json\/wp\/v2\/pages"}],"about":[{"href":"https:\/\/taskcontrol.cz\/en\/wp-json\/wp\/v2\/types\/page"}],"author":[{"embeddable":true,"href":"https:\/\/taskcontrol.cz\/en\/wp-json\/wp\/v2\/users\/1"}],"replies":[{"embeddable":true,"href":"https:\/\/taskcontrol.cz\/en\/wp-json\/wp\/v2\/comments?post=2157"}],"version-history":[{"count":0,"href":"https:\/\/taskcontrol.cz\/en\/wp-json\/wp\/v2\/pages\/2157\/revisions"}],"wp:attachment":[{"href":"https:\/\/taskcontrol.cz\/en\/wp-json\/wp\/v2\/media?parent=2157"}],"curies":[{"name":"wp","href":"https:\/\/api.w.org\/{rel}","templated":true}]}}