{"id":100,"date":"2019-04-05T12:18:48","date_gmt":"2019-04-05T10:18:48","guid":{"rendered":"http:\/\/arkahost.com\/?page_id=100"},"modified":"2021-11-22T14:49:10","modified_gmt":"2021-11-22T13:49:10","slug":"home","status":"publish","type":"page","link":"https:\/\/taskcontrol.cz\/en\/","title":{"rendered":"TaskControl"},"content":{"rendered":"<p>[vc_row equal_height=&#8221;1&#8243; king_bg_repeat=&#8221;center&#8221; bg_image=&#8221;2529&#8243; css=&#8221;.vc_custom_1587554343234{padding-top: 100px !important;padding-bottom: 100px !important;background-image: url(https:\/\/taskcontrol.cz\/wp-content\/uploads\/2020\/04\/hero-image.jpg?id=2529) !important}&#8221; king_padding_top=&#8221;100px&#8221; king_padding_bottom=&#8221;100px&#8221; king_class=&#8221;hero-section&#8221;][vc_column][vc_row_inner king_class=&#8221;hero-content&#8221;][vc_column_inner][vc_column_text el_class=&#8221;hero-text&#8221;]<\/p>\n<h1><span style=\"color: #ffffff;\">Automate<br \/>\n<span style=\"color: #fa7800;\">task <\/span>coordination<\/span><\/h1>\n<p><span style=\"color: #ffffff;\">Real time, comfortable and stress free<\/span>[\/vc_column_text][vc_btn title=&#8221;DEMO&#8221; style=&#8221;flat&#8221; color=&#8221;warning&#8221; css=&#8221;.vc_custom_1636802939222{margin-top: 30px !important;}&#8221; el_class=&#8221;hero-button&#8221; link=&#8221;url:https%3A%2F%2Fdemo.taskcontrol.cloud|||&#8221;][vc_btn title=&#8221;Instruction for DEMO&#8221; style=&#8221;flat&#8221; size=&#8221;xs&#8221; i_icon_fontawesome=&#8221;fas fa-file-pdf&#8221; add_icon=&#8221;true&#8221; link=&#8221;url:https%3A%2F%2Ftaskcontrol.cz%2Fwp-content%2Fuploads%2F2021%2F11%2FNavod-na-DEMO-prostredi-TaskControl.pdf||target:%20_blank|&#8221; el_class=&#8221;hero-button&#8221;][\/vc_column_inner][\/vc_row_inner][\/vc_column][\/vc_row][vc_row king_class=&#8221;alicent&#8221;][vc_column][vc_row_inner][vc_column_inner]<div class=\"clearfix margin_top6\"><\/div><h1 class=\"caps\" style=\"text-align: center\"><strong>\nWhy Taskcontrol?\n<\/strong><\/h1>[\/vc_column_inner][\/vc_row_inner][vc_column_text]<\/p>\n<h5 style=\"text-align: center;\">Effectively organize team members, automate task delegation, monitor all activities and <a href=\"https:\/\/taskcontrol.cz\/en\/jak-to-funguje\/\" target=\"_blank\" rel=\"noopener noreferrer\">continually perfect your plan<\/a>. This simple tool:<\/h5>\n<p>[\/vc_column_text][vc_row_inner king_class=&#8221;feature_section4&#8243;][vc_column_inner el_class=&#8221;right&#8221; el_animate=&#8221;animated eff-fadeInLeft&#8221; width=&#8221;1\/3&#8243; el_delay=&#8221;200&#8243; css=&#8221;.vc_custom_1587667881812{background-color: #ffffff !important}&#8221;]<strong>Saves you<br>time<\/br><\/strong>\n\t\t<div class=\"king-elements \">\n\t\t\t<div class=\"king-elements-inner\">\n        \t<img  width=\"48.5\"  src=\"https:\/\/taskcontrol.cz\/wp-content\/uploads\/2020\/04\/setri-cas.png\" class=\"element-icon \" alt=\"\"\/><h4 class=\"light\">and countless hours when creating, optimizing and implementing plans. It lets you:<\/h4>\n<ul class=\"light\">\n<li>Manage participants<\/li>\n<li>Link tasks<\/li>\n<li>Monitor over time<\/li>\n<li>Create templates<\/li>\n<\/ul>\n<br \/>\t\t\t<\/div>\n        <\/div>\n\n\t[\/vc_column_inner][vc_column_inner el_class=&#8221;right&#8221; el_animate=&#8221;animated eff-fadeInUp&#8221; width=&#8221;1\/3&#8243; el_delay=&#8221;200&#8243; css=&#8221;.vc_custom_1586898099849{background-color: #ffffff !important}&#8221;]<strong>SIMPLIFIES COMMUNICATION<\/strong>\n\t\t<div class=\"king-elements \">\n\t\t\t<div class=\"king-elements-inner\">\n        \t<img  width=\"48.5\"  src=\"https:\/\/taskcontrol.cz\/wp-content\/uploads\/2020\/04\/usnadnuje-komunikaci.png\" class=\"element-icon \" alt=\"\"\/><h4 class=\"light\">No more chaos, confusing charts, online chats and dozens of phone calls. Take advantage of:<\/h4>\n<ul class=\"light\">\n<li>An intuitive interface<\/li>\n<li>Automated orders<\/li>\n<li>Continual notifications<\/li>\n<li>Audit records<\/li>\n<\/ul>\n<br \/>\t\t\t<\/div>\n        <\/div>\n\n\t[\/vc_column_inner][vc_column_inner el_class=&#8221;right&#8221; el_animate=&#8221;animated eff-fadeInRight&#8221; width=&#8221;1\/3&#8243; el_delay=&#8221;200&#8243; css=&#8221;.vc_custom_1586896008822{background-color: #ffffff !important}&#8221;]<strong>OPTIMIZES PROCESSES<\/strong>\n\t\t<div class=\"king-elements \">\n\t\t\t<div class=\"king-elements-inner\">\n        \t<img  width=\"48.5\"  src=\"https:\/\/taskcontrol.cz\/wp-content\/uploads\/2020\/04\/optimalizuje-procesy.png\" class=\"element-icon \" alt=\"\"\/><h4 class=\"light\">It evaluates activities, generates clear reports and optimizes plans for later use. It provides:<\/h4>\n<ul class=\"light\">\n<li>Reporting<\/li>\n<li>Process optimization<\/li>\n<li>Precise planning<\/li>\n<li>Template updates<\/li>\n<\/ul>\n<br \/>\t\t\t<\/div>\n        <\/div>\n\n\t[\/vc_column_inner][\/vc_row_inner][vc_raw_html]JTNDc3R5bGUlM0UlMEEuZmVhdHVyZV9zZWN0aW9uNCUyMCU3QiUwQXBhZGRpbmclM0EwcHglM0IlMEElN0QlMEElM0MlMkZzdHlsZSUzRQ==[\/vc_raw_html][vc_row_inner][vc_column_inner][vc_video link=&#8221;https:\/\/www.youtube.com\/watch?v=DizIspI3Gzg&#8221; align=&#8221;center&#8221;]<div class=\"clearfix margin_top4\"><\/div>[\/vc_column_inner][\/vc_row_inner][\/vc_column][\/vc_row][vc_row king_bg_repeat=&#8221;no-repeat&#8221; css=&#8221;.vc_custom_1587376535342{background-color: #eeeeee !important}&#8221; king_class=&#8221;feature_section101&#8243;][vc_column]<h1 class=\"caps\"><strong>3 STEPS FOR USING TASKCONTROL<\/strong><\/h1><div class=\"clearfix margin_top5\"><\/div>[vc_row_inner][vc_column_inner width=&#8221;1\/3&#8243;]\n\t\t<div class=\"king-elements \">\n\t\t\t<div class=\"king-elements-inner\">\n        \t<img  width=\"49\"  src=\"https:\/\/taskcontrol.cz\/wp-content\/uploads\/2020\/04\/plan-projektu.png\" class=\"element-icon \" alt=\"\"\/><h2><strong>CHOOSE A <br>DEMO DATE<\/br><\/strong><\/h2>\n<p><a href=\"https:\/\/meetings.hubspot.com\/lubos-urbancok?_ga=2.173839457.335771589.1587646553-2131807192.1584349658\">In the calendar<\/a>, select a date when you would like to try TaskControl under no obligation. You will see, evaluate and <b>decide for yourself.<\/b>.<\/p>\t\t\t<\/div>\n        <\/div>\n\n\t<div class=\"clearfix margin_top3\"><\/div>[\/vc_column_inner][vc_column_inner width=&#8221;1\/3&#8243;]\n\t\t<div class=\"king-elements \">\n\t\t\t<div class=\"king-elements-inner\">\n        \t<img  width=\"49\"  src=\"https:\/\/taskcontrol.cz\/wp-content\/uploads\/2020\/04\/propojeni-kroku.png\" class=\"element-icon \" alt=\"\"\/><h2><strong>ASSIGN (TASKS) AND TAKE CONTROL<\/strong><\/h2>\n<p>We will help you with the basic settings so that you can <b>get the most<\/b> out of TaskControl right from the start.<\/p>\t\t\t<\/div>\n        <\/div>\n\n\t<div class=\"clearfix margin_top3\"><\/div>[\/vc_column_inner][vc_column_inner width=&#8221;1\/3&#8243;]\n\t\t<div class=\"king-elements \">\n\t\t\t<div class=\"king-elements-inner\">\n        \t<img  width=\"49\"  src=\"https:\/\/taskcontrol.cz\/wp-content\/uploads\/2020\/04\/start-projektu.png\" class=\"element-icon \" alt=\"\"\/><h2><strong>FOCUS ON <br>OTHER PRIORITIES<\/strong><\/h2>\n<p>Task coordination will be automated, so you can focus on being <b>where you are truly needed<\/b>.<\/p>\t\t\t<\/div>\n        <\/div>\n\n\t<div class=\"clearfix margin_top3\"><\/div>[\/vc_column_inner][\/vc_row_inner]<div class=\"clearfix margin_top3\"><\/div>[vc_btn title=&#8221;Join Our DEMO&#8221; style=&#8221;classic&#8221; shape=&#8221;square&#8221; color=&#8221;warning&#8221; size=&#8221;lg&#8221; align=&#8221;center&#8221; i_align=&#8221;right&#8221; i_icon_fontawesome=&#8221;fas fa-chevron-right&#8221; css_animation=&#8221;fadeIn&#8221; add_icon=&#8221;true&#8221; link=&#8221;url:https%3A%2F%2Fdemo.taskcontrol.cloud|title:CHCI%20VID%C4%9AT%20DEMO|target:%20_blank|&#8221; el_class=&#8221;caps&#8221;][vc_btn title=&#8221;Instruction for DEMO&#8221; style=&#8221;flat&#8221; color=&#8221;warning&#8221; size=&#8221;sm&#8221; i_align=&#8221;right&#8221; i_icon_fontawesome=&#8221;fas fa-file-pdf&#8221; add_icon=&#8221;true&#8221; link=&#8221;url:https%3A%2F%2Ftaskcontrol.cz%2Fwp-content%2Fuploads%2F2021%2F11%2FNavod-na-DEMO-prostredi-TaskControl.pdf||target:%20_blank|&#8221; el_class=&#8221;hero-button&#8221;][vc_btn title=&#8221;Are you interested in the results of a European study on Disaster Recovery Planning and Testing? Download here.&#8221; link=&#8221;url:%2Fstudy-disaster-recovery-planning-and-testing%2F|||&#8221;][\/vc_column][\/vc_row][vc_row king_class=&#8221;feature_section6&#8243; css=&#8221;.vc_custom_1587631345790{background-color: #ffffff !important}&#8221; king_id=&#8221;reference&#8221;][vc_column]<h1 class=\"caps\"><strong>References<\/strong><\/h1><div class=\"clearfix margin_top1\"><\/div><div class=\"feature_section6_elm\">\n\t<div class=\"less5\">\n\t\t<div class=\"owl-demo20 owl-carousel\">\n\t\t\t\n\t\t\t<div class=\"item\">\n\t\t\t\t<p class=\"bigtfont\"><span style=\"font-weight: 400;\">Everyone had a constant overview of what was going on where and how, which was quite a different experience for everyone. You can hardly compare it to everything being run by a project manager constantly on the phone, chat and Excel.<\/span><\/p>\n\t\t\t\t<br \/>\n\t\t\t\t<strong>- Martin Job EN -<\/strong> &nbsp; \n\t\t\t\t\t\t\t\t<em>IT architect, Raiffeisenbank<\/em>\n\t\t\t\t\t\t\t\t<p class=\"clearfix margin_bottom1\"><\/p>\n\t\t\t<\/div><!-- end slide -->\n\t\t\t\t\t<\/div>  \n\t<\/div>  \n<\/div>  \n\n<script type=\"text\/javascript\">\n\tjQuery(document).ready(function($){\n\t\tif( !document.owl_demo20 ){\n\t\t\t$(\".owl-demo20\").owlCarousel({\n\t\t\t\tautoPlay : 18000,\n\t\t\t\tstopOnHover : true,\n\t\t\t\tnavigation: false,\n\t\t\t\tpaginationSpeed : 1000,\n\t\t\t\tgoToFirstSpeed : 2000,\n\t\t\t\tsingleItem : true,\n\t\t\t});\n\t\t\tdocument.owl_demo20 = true;\n\t\t}\n\t});\n<\/script>\t     \n<div class=\"clearfix margin_top3\"><\/div>[vc_row_inner][vc_column_inner width=&#8221;1\/4&#8243;][\/vc_column_inner][vc_column_inner width=&#8221;1\/4&#8243;][vc_single_image image=&#8221;2517&#8243; img_size=&#8221;medium&#8221; alignment=&#8221;center&#8221;][\/vc_column_inner][vc_column_inner width=&#8221;1\/4&#8243;][vc_single_image image=&#8221;2513&#8243; img_size=&#8221;medium&#8221; alignment=&#8221;center&#8221;][\/vc_column_inner][vc_column_inner width=&#8221;1\/4&#8243;][\/vc_column_inner][\/vc_row_inner][\/vc_column][\/vc_row][vc_row king_bg_repeat=&#8221;no-repeat&#8221; css=&#8221;.vc_custom_1587556953560{padding-top: 60px !importantpadding-bottom: 60px !importantbackground-color: #eeeeee !importantbackground-position: 0 0 !importantbackground-repeat: no-repeat !important}&#8221;][vc_column]<h1 style=\"text-align: center\"><strong>ARE YOU INTERESTED IN TASKCONTROL?<\/strong><\/h1>[vc_column_text css_animation=&#8221;fadeIn&#8221; css=&#8221;.vc_custom_1592847507159{margin-bottom: 30px !important}&#8221;]<\/p>\n<h4 style=\"text-align: center;\">Then try real-time process management without any obligation.<br \/>\nAutomating activity coordination is worth it.<\/h4>\n<p>[\/vc_column_text][vc_row_inner][vc_column_inner width=&#8221;1\/4&#8243;][\/vc_column_inner][vc_column_inner width=&#8221;1\/2&#8243;][vc_column_text]<div class=\"wpcf7 no-js\" id=\"wpcf7-f3118-o1\" lang=\"en-US\" dir=\"ltr\">\n<div class=\"screen-reader-response\"><p role=\"status\" aria-live=\"polite\" aria-atomic=\"true\"><\/p> <ul><\/ul><\/div>\n<form action=\"\/en\/wp-json\/wp\/v2\/pages\/100#wpcf7-f3118-o1\" method=\"post\" class=\"wpcf7-form init\" aria-label=\"Contact form\" novalidate=\"novalidate\" data-status=\"init\">\n<div style=\"display: none;\">\n<input type=\"hidden\" name=\"_wpcf7\" value=\"3118\" \/>\n<input type=\"hidden\" name=\"_wpcf7_version\" value=\"5.7\" \/>\n<input type=\"hidden\" name=\"_wpcf7_locale\" value=\"en_US\" \/>\n<input type=\"hidden\" name=\"_wpcf7_unit_tag\" value=\"wpcf7-f3118-o1\" \/>\n<input type=\"hidden\" name=\"_wpcf7_container_post\" value=\"0\" \/>\n<input type=\"hidden\" name=\"_wpcf7_posted_data_hash\" value=\"\" \/>\n<input type=\"hidden\" name=\"lang\" value=\"en\" \/>\n<\/div>\n<p>Name and Surename*\n<\/p>\n<p> <span class=\"wpcf7-form-control-wrap\" data-name=\"your-name\"><input size=\"40\" class=\"wpcf7-form-control wpcf7-text wpcf7-validates-as-required\" aria-required=\"true\" aria-invalid=\"false\" value=\"\" type=\"text\" name=\"your-name\" \/><\/span>\n<\/p>\n<p>Email*\n<\/p>\n<p> <span class=\"wpcf7-form-control-wrap\" data-name=\"your-email\"><input size=\"40\" class=\"wpcf7-form-control wpcf7-text wpcf7-email wpcf7-validates-as-required wpcf7-validates-as-email\" aria-required=\"true\" aria-invalid=\"false\" value=\"\" type=\"email\" name=\"your-email\" \/><\/span>\n<\/p>\n<p>Organization\n<\/p>\n<p> <span class=\"wpcf7-form-control-wrap\" data-name=\"org\"><input size=\"40\" class=\"wpcf7-form-control wpcf7-text\" aria-invalid=\"false\" value=\"\" type=\"text\" name=\"org\" \/><\/span>\n<\/p>\n<p>Phone\n<\/p>\n<p> <span class=\"wpcf7-form-control-wrap\" data-name=\"phone\"><input size=\"40\" class=\"wpcf7-form-control wpcf7-text wpcf7-tel wpcf7-validates-as-tel\" aria-invalid=\"false\" value=\"\" type=\"tel\" name=\"phone\" \/><\/span>\n<\/p>\n<p><input class=\"wpcf7-form-control has-spinner wpcf7-submit\" type=\"submit\" value=\"Send\" \/>\n<\/p><div class=\"wpcf7-response-output\" aria-hidden=\"true\"><\/div><\/form><\/div>[\/vc_column_text][\/vc_column_inner][vc_column_inner width=&#8221;1\/4&#8243;][\/vc_column_inner][\/vc_row_inner][\/vc_column][\/vc_row]<\/p>\n","protected":false},"excerpt":{"rendered":"<p>[vc_row equal_height=&#8221;1&#8243; king_bg_repeat=&#8221;center&#8221; bg_image=&#8221;2529&#8243; css=&#8221;.vc_custom_1587554343234{padding-top: 100px !important;padding-bottom: 100px !important;background-image: url(https:\/\/taskcontrol.cz\/wp-content\/uploads\/2020\/04\/hero-image.jpg?id=2529) !important}&#8221; king_padding_top=&#8221;100px&#8221; king_padding_bottom=&#8221;100px&#8221; king_class=&#8221;hero-section&#8221;][vc_column][vc_row_inner king_class=&#8221;hero-content&#8221;][vc_column_inner][vc_column_text el_class=&#8221;hero-text&#8221;] Automate task coordination Real time, comfortable and stress free[\/vc_column_text][vc_btn title=&#8221;DEMO&#8221; style=&#8221;flat&#8221; color=&#8221;warning&#8221; css=&#8221;.vc_custom_1636802939222{margin-top: 30px !important;}&#8221; el_class=&#8221;hero-button&#8221; link=&#8221;url:https%3A%2F%2Fdemo.taskcontrol.cloud|||&#8221;][vc_btn title=&#8221;Instruction for DEMO&#8221; style=&#8221;flat&#8221; size=&#8221;xs&#8221; i_icon_fontawesome=&#8221;fas fa-file-pdf&#8221; add_icon=&#8221;true&#8221; link=&#8221;url:https%3A%2F%2Ftaskcontrol.cz%2Fwp-content%2Fuploads%2F2021%2F11%2FNavod-na-DEMO-prostredi-TaskControl.pdf||target:%20_blank|&#8221; el_class=&#8221;hero-button&#8221;][\/vc_column_inner][\/vc_row_inner][\/vc_column][\/vc_row][vc_row king_class=&#8221;alicent&#8221;][vc_column][vc_row_inner][vc_column_inner][\/vc_column_inner][\/vc_row_inner][vc_column_text] Effectively organize team members, automate task delegation, monitor all activities and [&hellip;]<\/p>\n","protected":false},"author":1,"featured_media":2529,"parent":0,"menu_order":0,"comment_status":"closed","ping_status":"closed","template":"templates\/page-full.php","meta":{"inline_featured_image":false},"yoast_head":"<!-- This site is optimized with the Yoast SEO plugin v19.12 - https:\/\/yoast.com\/wordpress\/plugins\/seo\/ -->\r\n<title>TaskControl \u2013 Automatizace koordinace aktivit v re\u00e1ln\u00e9m \u010dase<\/title>\r\n<meta name=\"description\" content=\"Koordinujte sv\u016fj t\u00fdm v re\u00e1ln\u00e9m \u010dase, automatizujte delegov\u00e1n\u00ed \u00fakol\u016f a neust\u00e1le zdokonalujte sv\u016fj pl\u00e1n. Bez stresu, s jednoduch\u00fdm n\u00e1strojem.\" \/>\r\n<meta name=\"robots\" content=\"index, follow, max-snippet:-1, max-image-preview:large, max-video-preview:-1\" \/>\r\n<link rel=\"canonical\" href=\"https:\/\/taskcontrol.cz\/en\/\" \/>\r\n<meta property=\"og:locale\" content=\"en_US\" \/>\r\n<meta property=\"og:locale:alternate\" content=\"cs_CZ\" \/>\r\n<meta property=\"og:type\" content=\"article\" \/>\r\n<meta property=\"og:title\" content=\"TaskControl \u2013 Automatizace koordinace aktivit v re\u00e1ln\u00e9m \u010dase\" \/>\r\n<meta property=\"og:description\" content=\"Koordinujte sv\u016fj t\u00fdm v re\u00e1ln\u00e9m \u010dase, automatizujte delegov\u00e1n\u00ed \u00fakol\u016f a neust\u00e1le zdokonalujte sv\u016fj pl\u00e1n. Bez stresu, s jednoduch\u00fdm n\u00e1strojem.\" \/>\r\n<meta property=\"og:url\" content=\"https:\/\/taskcontrol.cz\/en\/testimonials\/martin-job-copy\/\" \/>\r\n<meta property=\"og:site_name\" content=\"TaskControl\" \/>\r\n<meta property=\"article:modified_time\" content=\"2021-11-22T13:49:10+00:00\" \/>\r\n<meta property=\"og:image\" content=\"https:\/\/taskcontrol.cz\/wp-content\/uploads\/2020\/04\/hero-image.jpg\" \/>\r\n\t<meta property=\"og:image:width\" content=\"2383\" \/>\r\n\t<meta property=\"og:image:height\" content=\"758\" \/>\r\n\t<meta property=\"og:image:type\" content=\"image\/jpeg\" \/>\r\n<meta name=\"twitter:card\" content=\"summary_large_image\" \/>\r\n<meta name=\"twitter:label1\" content=\"Est. reading time\" \/>\n\t<meta name=\"twitter:data1\" content=\"2 minutes\" \/>\r\n<script type=\"application\/ld+json\" class=\"yoast-schema-graph\">{\"@context\":\"https:\/\/schema.org\",\"@graph\":[{\"@type\":\"WebPage\",\"@id\":\"https:\/\/taskcontrol.cz\/\",\"url\":\"https:\/\/taskcontrol.cz\/\",\"name\":\"TaskControl \u2013 Automatizace koordinace aktivit v re\u00e1ln\u00e9m \u010dase\",\"isPartOf\":{\"@id\":\"https:\/\/taskcontrol.cz\/#website\"},\"datePublished\":\"2019-04-05T10:18:48+00:00\",\"dateModified\":\"2021-11-22T13:49:10+00:00\",\"description\":\"Koordinujte sv\u016fj t\u00fdm v re\u00e1ln\u00e9m \u010dase, automatizujte delegov\u00e1n\u00ed \u00fakol\u016f a neust\u00e1le zdokonalujte sv\u016fj pl\u00e1n. Bez stresu, s jednoduch\u00fdm n\u00e1strojem.\",\"breadcrumb\":{\"@id\":\"https:\/\/taskcontrol.cz\/#breadcrumb\"},\"inLanguage\":\"en-US\",\"potentialAction\":[{\"@type\":\"ReadAction\",\"target\":[\"https:\/\/taskcontrol.cz\/\"]}]},{\"@type\":\"BreadcrumbList\",\"@id\":\"https:\/\/taskcontrol.cz\/#breadcrumb\",\"itemListElement\":[{\"@type\":\"ListItem\",\"position\":1,\"name\":\"Dom\u016f\",\"item\":\"https:\/\/taskcontrol.cz\/\"},{\"@type\":\"ListItem\",\"position\":2,\"name\":\"TaskControl\"}]},{\"@type\":\"WebSite\",\"@id\":\"https:\/\/taskcontrol.cz\/#website\",\"url\":\"https:\/\/taskcontrol.cz\/\",\"name\":\"TaskControl\",\"description\":\"Automatizujte koordinaci aktivit\",\"publisher\":{\"@id\":\"https:\/\/taskcontrol.cz\/#organization\"},\"potentialAction\":[{\"@type\":\"SearchAction\",\"target\":{\"@type\":\"EntryPoint\",\"urlTemplate\":\"https:\/\/taskcontrol.cz\/?s={search_term_string}\"},\"query-input\":\"required name=search_term_string\"}],\"inLanguage\":\"en-US\"},{\"@type\":\"Organization\",\"@id\":\"https:\/\/taskcontrol.cz\/#organization\",\"name\":\"ORBIT s.r.o.\",\"url\":\"https:\/\/taskcontrol.cz\/\",\"logo\":{\"@type\":\"ImageObject\",\"inLanguage\":\"en-US\",\"@id\":\"https:\/\/taskcontrol.cz\/#\/schema\/logo\/image\/\",\"url\":\"https:\/\/taskcontrol.cz\/wp-content\/uploads\/2020\/05\/ORBITlogo.png\",\"contentUrl\":\"https:\/\/taskcontrol.cz\/wp-content\/uploads\/2020\/05\/ORBITlogo.png\",\"width\":200,\"height\":200,\"caption\":\"ORBIT s.r.o.\"},\"image\":{\"@id\":\"https:\/\/taskcontrol.cz\/#\/schema\/logo\/image\/\"},\"sameAs\":[\"https:\/\/www.linkedin.com\/company\/orbit\"]}]}<\/script>\r\n<!-- \/ Yoast SEO plugin. -->","yoast_head_json":{"title":"TaskControl \u2013 Automatizace koordinace aktivit v re\u00e1ln\u00e9m \u010dase","description":"Koordinujte sv\u016fj t\u00fdm v re\u00e1ln\u00e9m \u010dase, automatizujte delegov\u00e1n\u00ed \u00fakol\u016f a neust\u00e1le zdokonalujte sv\u016fj pl\u00e1n. Bez stresu, s jednoduch\u00fdm n\u00e1strojem.","robots":{"index":"index","follow":"follow","max-snippet":"max-snippet:-1","max-image-preview":"max-image-preview:large","max-video-preview":"max-video-preview:-1"},"canonical":"https:\/\/taskcontrol.cz\/en\/","og_locale":"en_US","og_type":"article","og_title":"TaskControl \u2013 Automatizace koordinace aktivit v re\u00e1ln\u00e9m \u010dase","og_description":"Koordinujte sv\u016fj t\u00fdm v re\u00e1ln\u00e9m \u010dase, automatizujte delegov\u00e1n\u00ed \u00fakol\u016f a neust\u00e1le zdokonalujte sv\u016fj pl\u00e1n. Bez stresu, s jednoduch\u00fdm n\u00e1strojem.","og_url":"https:\/\/taskcontrol.cz\/en\/testimonials\/martin-job-copy\/","og_site_name":"TaskControl","article_modified_time":"2021-11-22T13:49:10+00:00","og_image":[{"width":2383,"height":758,"url":"https:\/\/taskcontrol.cz\/wp-content\/uploads\/2020\/04\/hero-image.jpg","type":"image\/jpeg"}],"twitter_card":"summary_large_image","twitter_misc":{"Est. reading time":"2 minutes"},"schema":{"@context":"https:\/\/schema.org","@graph":[{"@type":"WebPage","@id":"https:\/\/taskcontrol.cz\/","url":"https:\/\/taskcontrol.cz\/","name":"TaskControl \u2013 Automatizace koordinace aktivit v re\u00e1ln\u00e9m \u010dase","isPartOf":{"@id":"https:\/\/taskcontrol.cz\/#website"},"datePublished":"2019-04-05T10:18:48+00:00","dateModified":"2021-11-22T13:49:10+00:00","description":"Koordinujte sv\u016fj t\u00fdm v re\u00e1ln\u00e9m \u010dase, automatizujte delegov\u00e1n\u00ed \u00fakol\u016f a neust\u00e1le zdokonalujte sv\u016fj pl\u00e1n. Bez stresu, s jednoduch\u00fdm n\u00e1strojem.","breadcrumb":{"@id":"https:\/\/taskcontrol.cz\/#breadcrumb"},"inLanguage":"en-US","potentialAction":[{"@type":"ReadAction","target":["https:\/\/taskcontrol.cz\/"]}]},{"@type":"BreadcrumbList","@id":"https:\/\/taskcontrol.cz\/#breadcrumb","itemListElement":[{"@type":"ListItem","position":1,"name":"Dom\u016f","item":"https:\/\/taskcontrol.cz\/"},{"@type":"ListItem","position":2,"name":"TaskControl"}]},{"@type":"WebSite","@id":"https:\/\/taskcontrol.cz\/#website","url":"https:\/\/taskcontrol.cz\/","name":"TaskControl","description":"Automatizujte koordinaci aktivit","publisher":{"@id":"https:\/\/taskcontrol.cz\/#organization"},"potentialAction":[{"@type":"SearchAction","target":{"@type":"EntryPoint","urlTemplate":"https:\/\/taskcontrol.cz\/?s={search_term_string}"},"query-input":"required name=search_term_string"}],"inLanguage":"en-US"},{"@type":"Organization","@id":"https:\/\/taskcontrol.cz\/#organization","name":"ORBIT s.r.o.","url":"https:\/\/taskcontrol.cz\/","logo":{"@type":"ImageObject","inLanguage":"en-US","@id":"https:\/\/taskcontrol.cz\/#\/schema\/logo\/image\/","url":"https:\/\/taskcontrol.cz\/wp-content\/uploads\/2020\/05\/ORBITlogo.png","contentUrl":"https:\/\/taskcontrol.cz\/wp-content\/uploads\/2020\/05\/ORBITlogo.png","width":200,"height":200,"caption":"ORBIT s.r.o."},"image":{"@id":"https:\/\/taskcontrol.cz\/#\/schema\/logo\/image\/"},"sameAs":["https:\/\/www.linkedin.com\/company\/orbit"]}]}},"_links":{"self":[{"href":"https:\/\/taskcontrol.cz\/en\/wp-json\/wp\/v2\/pages\/100"}],"collection":[{"href":"https:\/\/taskcontrol.cz\/en\/wp-json\/wp\/v2\/pages"}],"about":[{"href":"https:\/\/taskcontrol.cz\/en\/wp-json\/wp\/v2\/types\/page"}],"author":[{"embeddable":true,"href":"https:\/\/taskcontrol.cz\/en\/wp-json\/wp\/v2\/users\/1"}],"replies":[{"embeddable":true,"href":"https:\/\/taskcontrol.cz\/en\/wp-json\/wp\/v2\/comments?post=100"}],"version-history":[{"count":0,"href":"https:\/\/taskcontrol.cz\/en\/wp-json\/wp\/v2\/pages\/100\/revisions"}],"wp:featuredmedia":[{"embeddable":true,"href":"https:\/\/taskcontrol.cz\/en\/wp-json\/wp\/v2\/media\/2529"}],"wp:attachment":[{"href":"https:\/\/taskcontrol.cz\/en\/wp-json\/wp\/v2\/media?parent=100"}],"curies":[{"name":"wp","href":"https:\/\/api.w.org\/{rel}","templated":true}]}}